{"id":2,"date":"2016-05-10T03:48:21","date_gmt":"2016-05-10T03:48:21","guid":{"rendered":"http:\/\/blumen-luebeck.com\/?page_id=2"},"modified":"2021-02-28T18:19:06","modified_gmt":"2021-02-28T18:19:06","slug":"sample-page","status":"publish","type":"page","link":"http:\/\/blumen-luebeck.com\/","title":{"rendered":"Startseite"},"content":{"rendered":"<p><strong>Blumenland L\u00fcbeck<\/strong><\/p>\n<p>Gr\u00f6\u00dftm\u00f6gliche Leidenschaft am (Hand-)Werk, die Vorfreude des Entstehens und die Begeisterung unserer Kunden, wenn alles so ist, wie Sie es sich vorgestellt haben. Liebe f\u00fcr Details bei Blumen und Pflanzen &#8211; alles f\u00fcr Sie traumhaft in Szene gesetzt.<br \/>\nGanz gleich, ob Sie unser Blumengesch\u00e4ft im Herzen L\u00fcbecks besuchen, ein Event oder Feier mit uns planen oder an unserem floralen Service interessiert sind. Wir freuen uns, dass Sie uns hier im World Wide Web gefunden haben.<br \/>\nHier erfahren Sie alles \u00fcber das Blumenland. Faszinierende Blumengebinde und dekorierte Tische im Bild, Referenzen und Tipps. Wir w\u00fcnschen Ihnen viel Vergn\u00fcgen auf den folgenden Seiten.<\/p>\n<p>Elke Erdmann und Team<\/p>\n","protected":false},"excerpt":{"rendered":"<p>Blumenland L\u00fcbeck Gr\u00f6\u00dftm\u00f6gliche Leidenschaft am (Hand-)Werk, die Vorfreude des Entstehens und die Begeisterung unserer Kunden, wenn alles so ist, wie Sie es sich vorgestellt haben. Liebe f\u00fcr Details bei Blumen und Pflanzen &#8211; alles f\u00fcr Sie traumhaft in Szene gesetzt. Ganz gleich, ob Sie unser Blumengesch\u00e4ft im Herzen L\u00fcbecks besuchen, ein Event oder Feier mit uns planen oder an unserem<\/p>\n<p><a class=\"more-link\" href=\"http:\/\/blumen-luebeck.com\/\">Weiterlesen<\/a><\/p>\n","protected":false},"author":1,"featured_media":0,"parent":0,"menu_order":0,"comment_status":"closed","ping_status":"open","template":"","meta":[],"_links":{"self":[{"href":"http:\/\/blumen-luebeck.com\/index.php?rest_route=\/wp\/v2\/pages\/2"}],"collection":[{"href":"http:\/\/blumen-luebeck.com\/index.php?rest_route=\/wp\/v2\/pages"}],"about":[{"href":"http:\/\/blumen-luebeck.com\/index.php?rest_route=\/wp\/v2\/types\/page"}],"author":[{"embeddable":true,"href":"http:\/\/blumen-luebeck.com\/index.php?rest_route=\/wp\/v2\/users\/1"}],"replies":[{"embeddable":true,"href":"http:\/\/blumen-luebeck.com\/index.php?rest_route=%2Fwp%2Fv2%2Fcomments&post=2"}],"version-history":[{"count":5,"href":"http:\/\/blumen-luebeck.com\/index.php?rest_route=\/wp\/v2\/pages\/2\/revisions"}],"predecessor-version":[{"id":22,"href":"http:\/\/blumen-luebeck.com\/index.php?rest_route=\/wp\/v2\/pages\/2\/revisions\/22"}],"wp:attachment":[{"href":"http:\/\/blumen-luebeck.com\/index.php?rest_route=%2Fwp%2Fv2%2Fmedia&parent=2"}],"curies":[{"name":"wp","href":"https:\/\/api.w.org\/{rel}","templated":true}]}}